{"id":33,"date":"2026-02-02T19:09:22","date_gmt":"2026-02-02T19:09:22","guid":{"rendered":"https:\/\/e2pv.de\/dienstleistungen\/"},"modified":"2026-02-04T20:31:38","modified_gmt":"2026-02-04T20:31:38","slug":"dienstleistungen","status":"publish","type":"page","link":"https:\/\/e2pv.de\/en\/dienstleistungen\/","title":{"rendered":"Dienstleistungen"},"content":{"rendered":"<div class=\"wp-block-group alignfull is-style-ext-preset--group--natural-1--section has-background-background-color has-background has-global-padding is-layout-constrained wp-container-core-group-is-layout-e955bbaf wp-block-group-is-layout-constrained\" id=\"dienstleistungen\" style=\"margin-top:0;margin-bottom:0;padding-top:var(--wp--preset--spacing--70);padding-bottom:var(--wp--preset--spacing--70)\">\n<div class=\"wp-block-group alignwide is-vertical is-layout-flex wp-container-core-group-is-layout-c35747d5 wp-block-group-is-layout-flex\">\n<div class=\"wp-block-group has-global-padding is-layout-constrained wp-container-core-group-is-layout-5e05634a wp-block-group-is-layout-constrained\">\n<h2 class=\"wp-block-heading\">Warum e\u00b2PV GmbH<\/h2>\n\n\n\n<p class=\"has-text-align-left\">Wir pr\u00e4sentieren ein breites Spektrum an Services rund um Photovoltaik, Elektrotechnik und Blitzschutz, stets mit Fokus auf h\u00f6chste Qualit\u00e4t und Ihre Zufriedenheit.<\/p>\n<\/div>\n<\/div>\n\n\n\n<div class=\"wp-block-columns alignwide is-layout-flex wp-container-core-columns-is-layout-08c01c1c wp-block-columns-is-layout-flex\">\n<div class=\"wp-block-column is-vertically-aligned-stretch is-layout-flow wp-container-core-column-is-layout-f5bb311e wp-block-column-is-layout-flow\">\n<div class=\"wp-block-group is-style-ext-preset--group--natural-1--item-card-1--align-start has-global-padding is-layout-constrained wp-block-group-is-layout-constrained is-style-ext-preset--group--natural-1--item-card-1--align-start--2\">\n<div class=\"wp-block-group is-style-default has-global-padding is-layout-constrained wp-block-group-is-layout-constrained\">\n<div class=\"wp-block-group is-nowrap is-layout-flex wp-container-core-group-is-layout-64fa2afa wp-block-group-is-layout-flex\" style=\"padding-top:0;padding-right:0;padding-bottom:0;padding-left:0\">\n<figure class=\"wp-block-image size-large ext-aspect-landscape wp-duotone-primary-foreground\"><img decoding=\"async\" src=\"data:image\/svg+xml;base64,PHN2ZyB4bWxucz0iaHR0cDovL3d3dy53My5vcmcvMjAwMC9zdmciIHdpZHRoPSI0OCIgaGVpZ2h0PSI0OCIgZmlsbD0iIzAwMDAwMCIgdmlld0JveD0iMCAwIDI1NiAyNTYiPjxwYXRoIGQ9Ik0xNzIsNzZhNDQsNDQsMCwxLDAtNDQsNDRBNDQuMDUsNDQuMDUsMCwwLDAsMTcyLDc2Wm0tNDQsMjhhMjgsMjgsMCwxLDEsMjgtMjhBMjgsMjgsMCwwLDEsMTI4LDEwNFptNjAsMjRhNDQsNDQsMCwxLDAsNDQsNDRBNDQuMDUsNDQuMDUsMCwwLDAsMTg4LDEyOFptMCw3MmEyOCwyOCwwLDEsMSwyOC0yOEEyOCwyOCwwLDAsMSwxODgsMjAwWk02OCwxMjhhNDQsNDQsMCwxLDAsNDQsNDRBNDQuMDUsNDQuMDUsMCwwLDAsNjgsMTI4Wm0wLDcyYTI4LDI4LDAsMSwxLDI4LTI4QTI4LDI4LDAsMCwxLDY4LDIwMFoiPjwvcGF0aD48L3N2Zz4=\" alt=\"\" style=\"object-fit:cover\"\/><\/figure>\n\n\n\n<div class=\"wp-block-group wp-container-content-958eb9dc has-global-padding is-layout-constrained wp-container-core-group-is-layout-c06d165c wp-block-group-is-layout-constrained\" style=\"padding-top:0;padding-right:0;padding-bottom:0;padding-left:0\">\n<h3 class=\"wp-block-heading\">Beratung &amp; Konzeption<\/h3>\n\n\n\n<p>Wir analysieren Ihre Anforderungen, pr\u00fcfen die technischen Rahmenbedingungen und entwickeln ma\u00dfgeschneiderte Konzepte f\u00fcr Photovoltaik-, Elektro- und Blitzschutzanlagen \u2013 wirtschaftlich, normgerecht und zukunftssicher.<\/p>\n<\/div>\n<\/div>\n<\/div>\n<\/div>\n<\/div>\n\n\n\n<div class=\"wp-block-column is-vertically-aligned-stretch is-layout-flow wp-container-core-column-is-layout-f5bb311e wp-block-column-is-layout-flow\">\n<div class=\"wp-block-group is-style-ext-preset--group--natural-1--item-card-1--align-start has-global-padding is-layout-constrained wp-block-group-is-layout-constrained is-style-ext-preset--group--natural-1--item-card-1--align-start--3\">\n<div class=\"wp-block-group is-style-default has-global-padding is-layout-constrained wp-block-group-is-layout-constrained\">\n<div class=\"wp-block-group is-nowrap is-layout-flex wp-container-core-group-is-layout-64fa2afa wp-block-group-is-layout-flex\" style=\"padding-top:0;padding-right:0;padding-bottom:0;padding-left:0\">\n<figure class=\"wp-block-image size-large ext-aspect-landscape wp-duotone-primary-foreground\"><img decoding=\"async\" src=\"data:image\/svg+xml;base64,PHN2ZyB4bWxucz0iaHR0cDovL3d3dy53My5vcmcvMjAwMC9zdmciIHdpZHRoPSI0OCIgaGVpZ2h0PSI0OCIgZmlsbD0iIzAwMDAwMCIgdmlld0JveD0iMCAwIDI1NiAyNTYiPjxwYXRoIGQ9Ik04MCw0MGE0MCw0MCwwLDEsMCw0MCw0MEE0MCw0MCwwLDAsMCw4MCw0MFptMCw2NGEyNCwyNCwwLDEsMSwyNC0yNEEyNCwyNCwwLDAsMSw4MCwxMDRabTk2LDE2YTQwLDQwLDAsMSwwLTQwLTQwQTQwLDQwLDAsMCwwLDE3NiwxMjBabTAtNjRhMjQsMjQsMCwxLDEtMjQsMjRBMjQsMjQsMCwwLDEsMTc2LDU2Wk04MCwxMzZhNDAsNDAsMCwxLDAsNDAsNDBBNDAsNDAsMCwwLDAsODAsMTM2Wm0wLDY0YTI0LDI0LDAsMSwxLDI0LTI0QTI0LDI0LDAsMCwxLDgwLDIwMFptOTYtNjRhNDAsNDAsMCwxLDAsNDAsNDBBNDAsNDAsMCwwLDAsMTc2LDEzNlptMCw2NGEyNCwyNCwwLDEsMSwyNC0yNEEyNCwyNCwwLDAsMSwxNzYsMjAwWiI+PC9wYXRoPjwvc3ZnPg==\" alt=\"\" style=\"object-fit:cover\"\/><\/figure>\n\n\n\n<div class=\"wp-block-group wp-container-content-958eb9dc has-global-padding is-layout-constrained wp-container-core-group-is-layout-c06d165c wp-block-group-is-layout-constrained\" style=\"padding-top:0;padding-right:0;padding-bottom:0;padding-left:0\">\n<h3 class=\"wp-block-heading\">Planung &amp; Projektierung<\/h3>\n\n\n\n<p>Unsere Planung und Projektierung sichert ma\u00dfgeschneiderte L\u00f6sungen f\u00fcr Ihre Energieanforderungen.<\/p>\n<\/div>\n<\/div>\n<\/div>\n<\/div>\n<\/div>\n\n\n\n<div class=\"wp-block-column is-vertically-aligned-stretch is-layout-flow wp-container-core-column-is-layout-f5bb311e wp-block-column-is-layout-flow\">\n<div class=\"wp-block-group is-style-ext-preset--group--natural-1--item-card-1--align-start has-global-padding is-layout-constrained wp-block-group-is-layout-constrained is-style-ext-preset--group--natural-1--item-card-1--align-start--4\">\n<div class=\"wp-block-group is-style-default has-global-padding is-layout-constrained wp-block-group-is-layout-constrained\">\n<div class=\"wp-block-group is-nowrap is-layout-flex wp-container-core-group-is-layout-64fa2afa wp-block-group-is-layout-flex\" style=\"padding-top:0;padding-right:0;padding-bottom:0;padding-left:0\">\n<figure class=\"wp-block-image size-large ext-aspect-landscape wp-duotone-primary-foreground\"><img decoding=\"async\" src=\"data:image\/svg+xml;base64,PHN2ZyB4bWxucz0iaHR0cDovL3d3dy53My5vcmcvMjAwMC9zdmciIHdpZHRoPSI0OCIgaGVpZ2h0PSI0OCIgZmlsbD0iIzAwMDAwMCIgdmlld0JveD0iMCAwIDI1NiAyNTYiPjxwYXRoIGQ9Ik04MCw0MGE0MCw0MCwwLDEsMCw0MCw0MEE0MCw0MCwwLDAsMCw4MCw0MFptMCw2NGEyNCwyNCwwLDEsMSwyNC0yNEEyNCwyNCwwLDAsMSw4MCwxMDRabTk2LDE2YTQwLDQwLDAsMSwwLTQwLTQwQTQwLDQwLDAsMCwwLDE3NiwxMjBabTAtNjRhMjQsMjQsMCwxLDEtMjQsMjRBMjQsMjQsMCwwLDEsMTc2LDU2Wk04MCwxMzZhNDAsNDAsMCwxLDAsNDAsNDBBNDAsNDAsMCwwLDAsODAsMTM2Wm0wLDY0YTI0LDI0LDAsMSwxLDI0LTI0QTI0LDI0LDAsMCwxLDgwLDIwMFptMTM2LTI0YTgsOCwwLDAsMS04LDhIMTg0djI0YTgsOCwwLDAsMS0xNiwwVjE4NEgxNDRhOCw4LDAsMCwxLDAtMTZoMjRWMTQ0YTgsOCwwLDAsMSwxNiwwdjI0aDI0QTgsOCwwLDAsMSwyMTYsMTc2WiI+PC9wYXRoPjwvc3ZnPg==\" alt=\"\" style=\"object-fit:cover\"\/><\/figure>\n\n\n\n<div class=\"wp-block-group wp-container-content-958eb9dc has-global-padding is-layout-constrained wp-container-core-group-is-layout-c06d165c wp-block-group-is-layout-constrained\" style=\"padding-top:0;padding-right:0;padding-bottom:0;padding-left:0\">\n<h3 class=\"wp-block-heading\">Montage<\/h3>\n\n\n\n<p>Unsere erfahrenen Fachkr\u00e4fte sorgen f\u00fcr die fachgerechte Montage und Installation Ihrer Photovoltaik-, Elektrotechnik- und Blitzschutzanlagen.<br>Dabei arbeiten wir effizient, sauber und strikt nach den geltenden Normen und Vorschriften.<\/p>\n<\/div>\n<\/div>\n<\/div>\n<\/div>\n<\/div>\n<\/div>\n<\/div>\n\n\n\n<div class=\"wp-block-group alignfull is-style-ext-preset--group--natural-1--section has-tertiary-background-color has-background has-global-padding is-layout-constrained wp-container-core-group-is-layout-f72f1611 wp-block-group-is-layout-constrained\" id=\"galerie\" style=\"margin-top:0;margin-bottom:0;padding-top:var(--wp--preset--spacing--70);padding-bottom:var(--wp--preset--spacing--70)\">\n<div class=\"wp-block-group alignwide is-vertical is-layout-flex wp-container-core-group-is-layout-c35747d5 wp-block-group-is-layout-flex\">\n<div class=\"wp-block-group has-global-padding is-layout-constrained wp-container-core-group-is-layout-5e05634a wp-block-group-is-layout-constrained\">\n<h2 class=\"wp-block-heading\">Referenzen<\/h2>\n\n\n\n<p class=\"has-text-align-left\"><\/p>\n<\/div>\n<\/div>\n\n\n\n<div class=\"wp-block-columns alignwide are-vertically-aligned-top is-layout-flex wp-container-core-columns-is-layout-87beb0d0 wp-block-columns-is-layout-flex\">\n<div class=\"wp-block-column is-vertically-aligned-top is-layout-flow wp-container-core-column-is-layout-f5bb311e wp-block-column-is-layout-flow\">\n<figure class=\"wp-block-image size-large\"><img loading=\"lazy\" decoding=\"async\" width=\"1350\" height=\"900\" src=\"https:\/\/e2pv.de\/wp-content\/uploads\/2026\/02\/6-edited.jpeg\" alt=\"\" class=\"wp-image-94\" srcset=\"https:\/\/e2pv.de\/wp-content\/uploads\/2026\/02\/6-edited.jpeg 1350w, https:\/\/e2pv.de\/wp-content\/uploads\/2026\/02\/6-edited-300x200.jpeg 300w, https:\/\/e2pv.de\/wp-content\/uploads\/2026\/02\/6-edited-1024x683.jpeg 1024w, https:\/\/e2pv.de\/wp-content\/uploads\/2026\/02\/6-edited-768x512.jpeg 768w, https:\/\/e2pv.de\/wp-content\/uploads\/2026\/02\/6-edited-18x12.jpeg 18w\" sizes=\"auto, (max-width: 1350px) 100vw, 1350px\" \/><\/figure>\n<\/div>\n\n\n\n<div class=\"wp-block-column is-vertically-aligned-top is-layout-flow wp-container-core-column-is-layout-f5bb311e wp-block-column-is-layout-flow\">\n<figure class=\"wp-block-image size-full\"><img loading=\"lazy\" decoding=\"async\" width=\"1024\" height=\"683\" src=\"https:\/\/e2pv.de\/wp-content\/uploads\/2026\/02\/1.jpeg\" alt=\"\" class=\"wp-image-89\" style=\"aspect-ratio:1.4993641788124816\" srcset=\"https:\/\/e2pv.de\/wp-content\/uploads\/2026\/02\/1.jpeg 1024w, https:\/\/e2pv.de\/wp-content\/uploads\/2026\/02\/1-300x200.jpeg 300w, https:\/\/e2pv.de\/wp-content\/uploads\/2026\/02\/1-768x512.jpeg 768w, https:\/\/e2pv.de\/wp-content\/uploads\/2026\/02\/1-18x12.jpeg 18w\" sizes=\"auto, (max-width: 1024px) 100vw, 1024px\" \/><\/figure>\n<\/div>\n<\/div>\n\n\n\n<figure class=\"wp-block-image size-large\"><img loading=\"lazy\" decoding=\"async\" width=\"1024\" height=\"576\" src=\"https:\/\/e2pv.de\/wp-content\/uploads\/2026\/02\/WhatsApp-Image-2026-02-03-at-18.43.35-1024x576.jpeg\" alt=\"\" class=\"wp-image-101\" srcset=\"https:\/\/e2pv.de\/wp-content\/uploads\/2026\/02\/WhatsApp-Image-2026-02-03-at-18.43.35-1024x576.jpeg 1024w, https:\/\/e2pv.de\/wp-content\/uploads\/2026\/02\/WhatsApp-Image-2026-02-03-at-18.43.35-300x169.jpeg 300w, https:\/\/e2pv.de\/wp-content\/uploads\/2026\/02\/WhatsApp-Image-2026-02-03-at-18.43.35-768x432.jpeg 768w, https:\/\/e2pv.de\/wp-content\/uploads\/2026\/02\/WhatsApp-Image-2026-02-03-at-18.43.35-1536x864.jpeg 1536w, https:\/\/e2pv.de\/wp-content\/uploads\/2026\/02\/WhatsApp-Image-2026-02-03-at-18.43.35-18x10.jpeg 18w, https:\/\/e2pv.de\/wp-content\/uploads\/2026\/02\/WhatsApp-Image-2026-02-03-at-18.43.35.jpeg 2016w\" sizes=\"auto, (max-width: 1024px) 100vw, 1024px\" \/><\/figure>\n\n\n\n<figure class=\"wp-block-gallery has-nested-images columns-default is-cropped wp-block-gallery-6 is-layout-flex wp-block-gallery-is-layout-flex\">\n<figure class=\"wp-block-image size-large\"><img loading=\"lazy\" decoding=\"async\" width=\"1024\" height=\"768\" data-id=\"98\" src=\"https:\/\/e2pv.de\/wp-content\/uploads\/2026\/02\/5-1.jpeg\" alt=\"\" class=\"wp-image-98\" srcset=\"https:\/\/e2pv.de\/wp-content\/uploads\/2026\/02\/5-1.jpeg 1024w, https:\/\/e2pv.de\/wp-content\/uploads\/2026\/02\/5-1-300x225.jpeg 300w, https:\/\/e2pv.de\/wp-content\/uploads\/2026\/02\/5-1-768x576.jpeg 768w, https:\/\/e2pv.de\/wp-content\/uploads\/2026\/02\/5-1-16x12.jpeg 16w\" sizes=\"auto, (max-width: 1024px) 100vw, 1024px\" \/><\/figure>\n\n\n\n<figure class=\"wp-block-image size-large\"><img loading=\"lazy\" decoding=\"async\" width=\"768\" height=\"1024\" data-id=\"90\" src=\"https:\/\/e2pv.de\/wp-content\/uploads\/2026\/02\/8-768x1024.jpeg\" alt=\"\" class=\"wp-image-90\" srcset=\"https:\/\/e2pv.de\/wp-content\/uploads\/2026\/02\/8-768x1024.jpeg 768w, https:\/\/e2pv.de\/wp-content\/uploads\/2026\/02\/8-225x300.jpeg 225w, https:\/\/e2pv.de\/wp-content\/uploads\/2026\/02\/8-1152x1536.jpeg 1152w, https:\/\/e2pv.de\/wp-content\/uploads\/2026\/02\/8-9x12.jpeg 9w, https:\/\/e2pv.de\/wp-content\/uploads\/2026\/02\/8.jpeg 1200w\" sizes=\"auto, (max-width: 768px) 100vw, 768px\" \/><\/figure>\n<\/figure>\n\n\n\n<figure class=\"wp-block-image size-large\"><img loading=\"lazy\" decoding=\"async\" width=\"1024\" height=\"462\" src=\"https:\/\/e2pv.de\/wp-content\/uploads\/2026\/02\/WhatsApp-Image-2026-02-03-at-18.43.33-1024x462.jpeg\" alt=\"\" class=\"wp-image-99\" srcset=\"https:\/\/e2pv.de\/wp-content\/uploads\/2026\/02\/WhatsApp-Image-2026-02-03-at-18.43.33-1024x462.jpeg 1024w, https:\/\/e2pv.de\/wp-content\/uploads\/2026\/02\/WhatsApp-Image-2026-02-03-at-18.43.33-300x135.jpeg 300w, https:\/\/e2pv.de\/wp-content\/uploads\/2026\/02\/WhatsApp-Image-2026-02-03-at-18.43.33-768x346.jpeg 768w, https:\/\/e2pv.de\/wp-content\/uploads\/2026\/02\/WhatsApp-Image-2026-02-03-at-18.43.33-1536x692.jpeg 1536w, https:\/\/e2pv.de\/wp-content\/uploads\/2026\/02\/WhatsApp-Image-2026-02-03-at-18.43.33-18x8.jpeg 18w, https:\/\/e2pv.de\/wp-content\/uploads\/2026\/02\/WhatsApp-Image-2026-02-03-at-18.43.33.jpeg 2048w\" sizes=\"auto, (max-width: 1024px) 100vw, 1024px\" \/><\/figure>\n\n\n\n<figure class=\"wp-block-image size-large\"><img loading=\"lazy\" decoding=\"async\" width=\"1024\" height=\"576\" src=\"https:\/\/e2pv.de\/wp-content\/uploads\/2026\/02\/WhatsApp-Image-2026-02-03-at-18.43.35-1-1024x576.jpeg\" alt=\"\" class=\"wp-image-100\" srcset=\"https:\/\/e2pv.de\/wp-content\/uploads\/2026\/02\/WhatsApp-Image-2026-02-03-at-18.43.35-1-1024x576.jpeg 1024w, https:\/\/e2pv.de\/wp-content\/uploads\/2026\/02\/WhatsApp-Image-2026-02-03-at-18.43.35-1-300x169.jpeg 300w, https:\/\/e2pv.de\/wp-content\/uploads\/2026\/02\/WhatsApp-Image-2026-02-03-at-18.43.35-1-768x432.jpeg 768w, https:\/\/e2pv.de\/wp-content\/uploads\/2026\/02\/WhatsApp-Image-2026-02-03-at-18.43.35-1-1536x864.jpeg 1536w, https:\/\/e2pv.de\/wp-content\/uploads\/2026\/02\/WhatsApp-Image-2026-02-03-at-18.43.35-1-18x10.jpeg 18w, https:\/\/e2pv.de\/wp-content\/uploads\/2026\/02\/WhatsApp-Image-2026-02-03-at-18.43.35-1.jpeg 2016w\" sizes=\"auto, (max-width: 1024px) 100vw, 1024px\" \/><\/figure>\n<\/div>","protected":false},"excerpt":{"rendered":"<p>Warum e\u00b2PV GmbH Wir pr\u00e4sentieren ein breites Spektrum an Services rund um Photovoltaik, Elektrotechnik und Blitzschutz, stets mit Fokus auf h\u00f6chste Qualit\u00e4t und Ihre Zufriedenheit. Beratung &amp; Konzeption Wir analysieren Ihre Anforderungen, pr\u00fcfen die technischen Rahmenbedingungen und entwickeln ma\u00dfgeschneiderte Konzepte f\u00fcr Photovoltaik-, Elektro- und Blitzschutzanlagen \u2013 wirtschaftlich, normgerecht und zukunftssicher. Planung &amp; Projektierung Unsere Planung [&hellip;]<\/p>\n","protected":false},"author":1,"featured_media":0,"parent":0,"menu_order":0,"comment_status":"closed","ping_status":"closed","template":"page-with-title","meta":{"footnotes":""},"class_list":["post-33","page","type-page","status-publish","hentry"],"_links":{"self":[{"href":"https:\/\/e2pv.de\/en\/wp-json\/wp\/v2\/pages\/33","targetHints":{"allow":["GET"]}}],"collection":[{"href":"https:\/\/e2pv.de\/en\/wp-json\/wp\/v2\/pages"}],"about":[{"href":"https:\/\/e2pv.de\/en\/wp-json\/wp\/v2\/types\/page"}],"author":[{"embeddable":true,"href":"https:\/\/e2pv.de\/en\/wp-json\/wp\/v2\/users\/1"}],"replies":[{"embeddable":true,"href":"https:\/\/e2pv.de\/en\/wp-json\/wp\/v2\/comments?post=33"}],"version-history":[{"count":7,"href":"https:\/\/e2pv.de\/en\/wp-json\/wp\/v2\/pages\/33\/revisions"}],"predecessor-version":[{"id":104,"href":"https:\/\/e2pv.de\/en\/wp-json\/wp\/v2\/pages\/33\/revisions\/104"}],"wp:attachment":[{"href":"https:\/\/e2pv.de\/en\/wp-json\/wp\/v2\/media?parent=33"}],"curies":[{"name":"wp","href":"https:\/\/api.w.org\/{rel}","templated":true}]}}